{"id":247,"date":"2024-02-06T12:19:39","date_gmt":"2024-02-06T11:19:39","guid":{"rendered":"https:\/\/czapla-bron.pl\/?page_id=247"},"modified":"2024-02-06T12:19:39","modified_gmt":"2024-02-06T11:19:39","slug":"kontakt","status":"publish","type":"page","link":"https:\/\/czapla-bron.pl\/?page_id=247","title":{"rendered":"Kontakt"},"content":{"rendered":"\n<div class=\"wp-block-uagb-icon-list uagb-block-a8082f2e\"><div class=\"uagb-icon-list__wrap\">\n<div class=\"wp-block-uagb-icon-list-child uagb-block-ad305577\"><span class=\"uagb-icon-list__source-wrap\"><svg xmlns=\"https:\/\/www.w3.org\/2000\/svg\" viewBox=\"0 0 512 512\"><path d=\"M464 64C490.5 64 512 85.49 512 112C512 127.1 504.9 141.3 492.8 150.4L275.2 313.6C263.8 322.1 248.2 322.1 236.8 313.6L19.2 150.4C7.113 141.3 0 127.1 0 112C0 85.49 21.49 64 48 64H464zM217.6 339.2C240.4 356.3 271.6 356.3 294.4 339.2L512 176V384C512 419.3 483.3 448 448 448H64C28.65 448 0 419.3 0 384V176L217.6 339.2z\"><\/path><\/svg><\/span><span class=\"uagb-icon-list__label\"><strong>SKONTAKTUJ SI\u0118 Z NAMI<\/strong><\/span><\/div>\n<\/div><\/div>\n\n\n<div class=\"root-eb-form-ao3j3 wp-block-essential-blocks-form\">\n    <div class=\"eb-parent-wrapper eb-parent-eb-form-ao3j3 \">\n        <div id=\"eb-form-ao3j3\" class=\"eb-form-ao3j3 eb-form-wrapper\">\n            <form id=\"ebf-dad094\"\n                class=\"eb-form form-layout-block form-style-classic\" action=\"\">\n                <div class=\"eb-form-fields\">\n                                        \n\n<div class=\"wp-block-essential-blocks-row alignfull\"><div class=\"eb-parent-wrapper eb-parent-eb-row-opd7f \"><div class=\"eb-row-root-container eb-row-opd7f\" data-id=\"eb-row-opd7f\"><div class=\"eb-row-wrapper\"><div class=\"eb-row-inner\">\n<div class=\"eb-parent-wrapper eb-parent-eb-column-loh9a  wp-block-essential-blocks-column\"><div class=\"eb-column-wrapper eb-column-loh9a\"><div class=\"eb-column-inner\">\n<div class=\"wp-block-essential-blocks-form-text-field eb-form-field\"><div class=\"eb-parent-wrapper eb-parent-eb-text-field-sedf2 \"><div class=\"eb-text-field-sedf2 eb-text-field-wrapper eb-field-wrapper\"><label for=\"first-name\">Imi\u0119 <span class=\"eb-required\">*<\/span><\/label><div class=\"eb-field-input-wrap\"><i icon=\"fas fa-user\" class=\"fas fa-user eb-input-icon\"><\/i><input type=\"text\" id=\"first-name\" name=\"first-name\" class=\"eb-field-input\" placeholder=\"Wpisz tutaj swoje imi\u0119...\" \/><\/div><div class=\"eb-form-validation eb-validate-first-name\">This field is required.<\/div><\/div><\/div><\/div>\n<\/div><\/div><\/div>\n\n\n\n<div class=\"eb-parent-wrapper eb-parent-eb-column-1e9op  wp-block-essential-blocks-column\"><div class=\"eb-column-wrapper eb-column-1e9op\"><div class=\"eb-column-inner\">\n<div class=\"wp-block-essential-blocks-form-text-field eb-form-field\"><div class=\"eb-parent-wrapper eb-parent-eb-text-field-im9wb \"><div class=\"eb-text-field-im9wb eb-text-field-wrapper eb-field-wrapper\"><label for=\"last-name\">Nazwisko <span class=\"eb-required\">*<\/span><\/label><div class=\"eb-field-input-wrap\"><i icon=\"fas fa-user\" class=\"fas fa-user eb-input-icon\"><\/i><input type=\"text\" id=\"last-name\" name=\"last-name\" class=\"eb-field-input\" placeholder=\"Wpisz tutaj swoje nazwisko...\" \/><\/div><div class=\"eb-form-validation eb-validate-last-name\">This field is required.<\/div><\/div><\/div><\/div>\n<\/div><\/div><\/div>\n<\/div><\/div><\/div><\/div><\/div>\n\n\n\n<div class=\"wp-block-essential-blocks-form-email-field eb-form-field\"><div class=\"eb-parent-wrapper eb-parent-eb-email-field-dy1sm \"><div class=\"eb-email-field-dy1sm eb-email-field-wrapper eb-field-wrapper\"><label for=\"email\">Email <span class=\"eb-required\">*<\/span><\/label><div class=\"eb-field-input-wrap\"><i icon=\"far fa-envelope\" class=\"far fa-envelope eb-input-icon\"><\/i><input type=\"email\" id=\"email\" name=\"email\" class=\"eb-field-input\" placeholder=\"Wpisz tutaj sw\u00f3j e-mail...\" \/><\/div><div class=\"eb-form-validation eb-validate-email\">This field is required.<\/div><\/div><\/div><\/div>\n\n\n\n<div class=\"wp-block-essential-blocks-form-number-field eb-form-field\"><div class=\"eb-parent-wrapper eb-parent-eb-number-field-ws87s \"><div class=\"eb-number-field-ws87s eb-number-field-wrapper eb-field-wrapper\"><label for=\"phone\">Telefon <span class=\"eb-required\">*<\/span><\/label><div class=\"eb-field-input-wrap\"><i icon=\"fas fa-phone\" class=\"fas fa-phone eb-input-icon\"><\/i><input type=\"number\" id=\"phone\" name=\"phone\" class=\"eb-field-input\" placeholder=\"Wpisz tutaj sw\u00f3j numer...\" \/><\/div><div class=\"eb-form-validation eb-validate-phone\">This field is required.<\/div><\/div><\/div><\/div>\n\n\n\n<div class=\"wp-block-essential-blocks-form-textarea-field eb-form-field\"><div class=\"eb-parent-wrapper eb-parent-eb-textarea-field-369pj \"><div class=\"eb-textarea-field-369pj eb-textarea-field-wrapper eb-field-wrapper\"><label for=\"message\">Wiadomo\u015b\u0107 <\/label><div class=\"eb-field-input-wrap\"><i icon=\"far fa-edit\" class=\"far fa-edit eb-input-icon\"><\/i><textarea rows=\"4\" id=\"message\" class=\"eb-field-input\" name=\"message\" placeholder=\"Wpisz tutaj swoj\u0105 wiadomo\u015b\u0107...\"><\/textarea><\/div><\/div><\/div><\/div>\n\n                <\/div>\n                <input class=\"form-nonce\" type=\"hidden\" name=\"form-nonce\" value=\"6dab0615a1\" \/>\n                <div class=\"eb-form-submit\">\n                                        <button type=\"submit\" class=\"btn btn-primary eb-form-submit-button\" data-id=\"eb-form-ao3j3\" data-form-id=\"ebf-dad094\">\n                WY\u015aLIJ<i class=\"fas fa-chevron-right eb-button-icon\"><\/i>\n                <img decoding=\"async\" class=\"eb-form-submit-loader\" src=\"https:\/\/czapla-bron.pl\/wp-content\/plugins\/essential-blocks\/assets\/images\/loading.svg\" \/>\n            <\/button>                <\/div>\n            <\/form>\n            <div class=\"eb_form_submit_response\" data-confirmation-type=\"message\" data-success=\"Tw\u00f3j formularz zosta\u0142 pomy\u015blnie przes\u0142any!\" data-error=\"Nie mo\u017cna przes\u0142a\u0107 formularza! Prosz\u0119 spr\u00f3buj ponownie.\"><\/div>        <\/div>\n    <\/div>\n<\/div>\n\n\n<div class=\"wp-block-columns is-layout-flex wp-container-core-columns-is-layout-9d6595d7 wp-block-columns-is-layout-flex\">\n<div class=\"wp-block-column is-layout-flow wp-block-column-is-layout-flow\"><\/div>\n\n\n\n<div class=\"wp-block-column is-layout-flow wp-block-column-is-layout-flow\"><\/div>\n<\/div>\n","protected":false},"excerpt":{"rendered":"","protected":false},"author":1,"featured_media":0,"parent":0,"menu_order":0,"comment_status":"closed","ping_status":"closed","template":"","meta":{"_eb_attr":"","_uag_custom_page_level_css":"","footnotes":""},"class_list":["post-247","page","type-page","status-publish","hentry"],"uagb_featured_image_src":{"full":false,"thumbnail":false,"medium":false,"medium_large":false,"large":false,"1536x1536":false,"2048x2048":false},"uagb_author_info":{"display_name":"princess","author_link":"https:\/\/czapla-bron.pl\/?author=1"},"uagb_comment_info":0,"uagb_excerpt":null,"_links":{"self":[{"href":"https:\/\/czapla-bron.pl\/index.php?rest_route=\/wp\/v2\/pages\/247","targetHints":{"allow":["GET"]}}],"collection":[{"href":"https:\/\/czapla-bron.pl\/index.php?rest_route=\/wp\/v2\/pages"}],"about":[{"href":"https:\/\/czapla-bron.pl\/index.php?rest_route=\/wp\/v2\/types\/page"}],"author":[{"embeddable":true,"href":"https:\/\/czapla-bron.pl\/index.php?rest_route=\/wp\/v2\/users\/1"}],"replies":[{"embeddable":true,"href":"https:\/\/czapla-bron.pl\/index.php?rest_route=%2Fwp%2Fv2%2Fcomments&post=247"}],"version-history":[{"count":13,"href":"https:\/\/czapla-bron.pl\/index.php?rest_route=\/wp\/v2\/pages\/247\/revisions"}],"predecessor-version":[{"id":564,"href":"https:\/\/czapla-bron.pl\/index.php?rest_route=\/wp\/v2\/pages\/247\/revisions\/564"}],"wp:attachment":[{"href":"https:\/\/czapla-bron.pl\/index.php?rest_route=%2Fwp%2Fv2%2Fmedia&parent=247"}],"curies":[{"name":"wp","href":"https:\/\/api.w.org\/{rel}","templated":true}]}}